{"id":2,"date":"2024-08-19T04:10:43","date_gmt":"2024-08-19T04:10:43","guid":{"rendered":"https:\/\/www.katalysator.live\/?page_id=2"},"modified":"2025-05-18T21:21:12","modified_gmt":"2025-05-18T21:21:12","slug":"sample-page","status":"publish","type":"page","link":"https:\/\/www.katalysator.live\/?page_id=2","title":{"rendered":"Kulturf\u00f6reningen Katalysator"},"content":{"rendered":"\n<p>Kulturf\u00f6reningen Katalysator startades 2025, med avsikten att skapa en samh\u00f6righet kring att spela musik bland m\u00e4nniskor i nord\u00f6stra Sk\u00e5ne.  F\u00f6reningen har sitt s\u00e4te i Osby, och sin huvudscen p\u00e5 Kulturhuset Borgen.<\/p>\n\n\n\n<p>Vi anordnar \u00e5terkommande Jam och konserter med lokal musik i fokus, men \u00e4r \u00e4ven \u00f6ppna f\u00f6r musiker och band fr\u00e5n andra platser i Sverige och v\u00e4rlden.<\/p>\n\n\n\n<p><\/p>\n\n\n\n<p><\/p>\n\n\n\n<p><\/p>\n","protected":false},"excerpt":{"rendered":"<p>Kulturf\u00f6reningen Katalysator startades 2025, med avsikten att skapa en samh\u00f6righet kring att spela musik bland m\u00e4nniskor i nord\u00f6stra Sk\u00e5ne. F\u00f6reningen har sitt s\u00e4te i Osby, och sin huvudscen p\u00e5 Kulturhuset Borgen. Vi anordnar \u00e5terkommande Jam och konserter med lokal musik i fokus, men \u00e4r \u00e4ven \u00f6ppna f\u00f6r musiker och band fr\u00e5n andra platser i Sverige [&hellip;]<\/p>\n","protected":false},"author":1,"featured_media":0,"parent":0,"menu_order":0,"comment_status":"closed","ping_status":"open","template":"","meta":{"footnotes":""},"class_list":["post-2","page","type-page","status-publish","hentry"],"_links":{"self":[{"href":"https:\/\/www.katalysator.live\/index.php?rest_route=\/wp\/v2\/pages\/2","targetHints":{"allow":["GET"]}}],"collection":[{"href":"https:\/\/www.katalysator.live\/index.php?rest_route=\/wp\/v2\/pages"}],"about":[{"href":"https:\/\/www.katalysator.live\/index.php?rest_route=\/wp\/v2\/types\/page"}],"author":[{"embeddable":true,"href":"https:\/\/www.katalysator.live\/index.php?rest_route=\/wp\/v2\/users\/1"}],"replies":[{"embeddable":true,"href":"https:\/\/www.katalysator.live\/index.php?rest_route=%2Fwp%2Fv2%2Fcomments&post=2"}],"version-history":[{"count":1,"href":"https:\/\/www.katalysator.live\/index.php?rest_route=\/wp\/v2\/pages\/2\/revisions"}],"predecessor-version":[{"id":79,"href":"https:\/\/www.katalysator.live\/index.php?rest_route=\/wp\/v2\/pages\/2\/revisions\/79"}],"wp:attachment":[{"href":"https:\/\/www.katalysator.live\/index.php?rest_route=%2Fwp%2Fv2%2Fmedia&parent=2"}],"curies":[{"name":"wp","href":"https:\/\/api.w.org\/{rel}","templated":true}]}}